{"id":8250,"date":"2021-11-22T15:58:46","date_gmt":"2021-11-22T15:58:46","guid":{"rendered":"https:\/\/www.radiusconnectsolutions.com\/my-account\/"},"modified":"2022-09-26T15:02:05","modified_gmt":"2022-09-26T15:02:05","slug":"online-konto","status":"publish","type":"page","link":"https:\/\/www.radiusconnectsolutions.com\/de\/online-konto\/","title":{"rendered":"My account"},"content":{"rendered":"<section id=\"block_619bb86a0b1e6\" class=\"relative tone-block tone-band pt-0 pb-0 bg-cover bg-center bg-repeat hero-banner relative mx-auto h-auto tone-block-herobanner--auto tone-block-herobanner  \" style=\"color: #FFFFFF; background-image: url(&quot;https:\/\/www.radiusconnectsolutions.com\/app\/uploads\/2021\/10\/elements-hero-banner.png&quot;); \"><div class=\"w-full h-full flex flex-col justify-center items-center overflow-hidden py-12 mt-20 pt-16 md:mt-0 lg:py-8\">\n    \n    <div class=\"overflow-hidden absolute z-10 w-full top-0 left-0 right-0 bottom-0 object-cover\">\n                    <img loading=\"lazy\" decoding=\"async\" width=\"1581\" height=\"542\" src=\"https:\/\/www.radiusconnectsolutions.com\/app\/uploads\/2021\/09\/elements-hero-banner.png\" class=\"h-full w-full object-cover relative hero-banner__background\" alt=\"\" srcset=\"https:\/\/www.radiusconnectsolutions.com\/app\/uploads\/2021\/09\/elements-hero-banner.png 1581w, https:\/\/www.radiusconnectsolutions.com\/app\/uploads\/2021\/09\/elements-hero-banner-300x103.png 300w, https:\/\/www.radiusconnectsolutions.com\/app\/uploads\/2021\/09\/elements-hero-banner-1024x351.png 1024w, https:\/\/www.radiusconnectsolutions.com\/app\/uploads\/2021\/09\/elements-hero-banner-768x263.png 768w, https:\/\/www.radiusconnectsolutions.com\/app\/uploads\/2021\/09\/elements-hero-banner-1536x527.png 1536w\" sizes=\"auto, (max-width: 1581px) 100vw, 1581px\" \/>\n        \n    <\/div>\n\n    \n    <div class=\"container z-30 relative h-full bg-no-repeat bg-cover  lg:bg-transparent overflow-hidden\">\n\n        <div class=\"hero-banner__banner h-full flex flex-col justify-center items-center relative\">\n\n            <div class=\"hero-banner__content w-full h-full mx-auto text-left lg:w-11\/12 xl:w-9\/12 xl:m-0 lg:text-center z-20\">\n\n                \n                <h1 class=\"w-full font-bold text-2xl sm:text-4xl md:text-6xl xl:text-8xl m-0 p-0 text-center\"> Online Konto <\/h1>\n\n                                    <div as=\"text-xl\" class=\"hero-banner__wysiwyg w-full px-0 mb-6 text-left text-center 2xl:mx-auto md:max-w-screen-sm 2xl:max-w-screen-md text-center mx-auto\"> <p>Unsere Teams sind f\u00fcr Sie da und werden sich mit allem, was Sie brauchen, bei Ihnen melden.<\/p>\n <\/div>\n                \n                                    \n                                    \n            <\/div>\n        <\/div>\n    <\/div>\n<\/div>\n\n\n<\/section>\n\n<section id=\"block_615d78c068c05\" class=\"relative tone-block tone-band bg-white-off pt-6 sm:pt-6 md:pt-8 lg:pt-14 xl:pt-26 pb-8 sm:pb-10 md:pb-14 lg:pb-14 xl:pb-28 cards cards-display-grid is-style-rounded tone-block-cards  \" style=\"\"><div class=\"container\">\n    <!-- Start: Cards -->\n        <div class=\"cards__wrapper animate__animated do__fadeIn  \" data-cards-per-slide=\"\" data-nav-enabled=\"\">\n                                <ul class=\"cards__list list-none m-0 p-0\n            grid grid-cols-1 gap-8 lg:gap-10 xl:gap-12 2xl:gap-16 md:grid-cols-2 xl:grid-cols-3\n            \n            \n            \n            \n            \">\n\n                                                        <li class=\"cards__list-item w-full \">\n\n                                                    <div class=\"card card--icon rounded h-full flex flex-row justify-center items-start lg:items-center lg:flex-col\">\n    \n            <div class=\"card__icon relative flex justify-center items-center flex-shrink-0 w-14 lg:w-auto lg:h-16\">\n            <svg width=\"78\" height=\"77\" viewBox=\"0 0 78 77\" fill=\"none\" xmlns=\"http:\/\/www.w3.org\/2000\/svg\">\r\n<circle cx=\"56.602\" cy=\"55.6399\" r=\"20.1176\" stroke=\"#58B42E\" stroke-width=\"2\" stroke-linecap=\"round\" stroke-linejoin=\"round\"\/>\r\n<path d=\"M50.3164 51.8677C50.3164 48.3956 53.1311 45.5809 56.6032 45.5809C60.0753 45.5809 62.8899 48.3956 62.8899 51.8677C62.8899 55.3398 60.0753 58.1545 56.6032 58.1545\" stroke=\"#58B42E\" stroke-width=\"2\" stroke-linecap=\"round\" stroke-linejoin=\"round\"\/>\r\n<path d=\"M56.6031 65.6986C57.2975 65.6986 57.8604 66.2615 57.8604 66.956C57.8604 67.6504 57.2975 68.2133 56.6031 68.2133C55.9086 68.2133 55.3457 67.6504 55.3457 66.956C55.3457 66.2615 55.9086 65.6986 56.6031 65.6986\" stroke=\"#58B42E\" stroke-width=\"2\" stroke-linecap=\"round\" stroke-linejoin=\"round\"\/>\r\n<path d=\"M16.3672 33.0074H33.9701\" stroke=\"#58B42E\" stroke-width=\"2\" stroke-linecap=\"round\" stroke-linejoin=\"round\"\/>\r\n<path d=\"M16.3672 45.5809H26.426\" stroke=\"#58B42E\" stroke-width=\"2\" stroke-linecap=\"round\" stroke-linejoin=\"round\"\/>\r\n<path d=\"M16.3672 58.1545H26.426\" stroke=\"#58B42E\" stroke-width=\"2\" stroke-linecap=\"round\" stroke-linejoin=\"round\"\/>\r\n<path d=\"M31.4558 75.7575H6.30871C3.53104 75.7575 1.2793 73.5057 1.2793 70.7281V17.9192C1.2793 15.1416 3.53104 12.8898 6.30871 12.8898H18.8822C18.8822 5.94564 24.5116 0.316284 31.4558 0.316284C38.3999 0.316284 44.0293 5.94564 44.0293 12.8898H56.6028C59.3805 12.8898 61.6322 15.1416 61.6322 17.9192V25.4633\" stroke=\"#58B42E\" stroke-width=\"2\" stroke-linecap=\"round\" stroke-linejoin=\"round\"\/>\r\n<path d=\"M31.4566 10.3751C32.151 10.3751 32.7139 10.9381 32.7139 11.6325C32.7139 12.3269 32.151 12.8898 31.4566 12.8898C30.7622 12.8898 30.1992 12.3269 30.1992 11.6325C30.1992 10.9381 30.7622 10.3751 31.4566 10.3751\" stroke=\"#58B42E\" stroke-width=\"2\" stroke-linecap=\"round\" stroke-linejoin=\"round\"\/>\r\n<\/svg>\r\n\n        <\/div>\n    \n    <div class=\"card__content flex flex-col justify-start items-start lg:items-center flex-grow h-full ml-6 lg:ml-0 lg:mt-6\">\n                    <h2 as=\"h6\" class=\"card__heading text-left lg:text-center font-bold m-0 p-0\">Support-Ticket<\/h2>\n        \n                    <div as=\"text-base\" class=\"card__copy text-left flex-grow lg:text-center lg:mt-4\"> <p>Erstellen Sie ein Support-Ticket bei Ihrer Zweigstelle. Unsere Serviceteams stehen Ihnen bei Ihren Fragen zur Seite.<\/p>\n <\/div>\n        \n                    <div class=\"wp-block-buttons flex flex-row lg:flex-col justify-start items-center space-x-4 lg:space-y-4 lg:space-x-0 mt-4\">\n                                    \n                <div class=\"tone-block-button\">\n                                        <a class=\"tone-block-button__link button button--primary inline-flex items-center justify-center w-full sm:w-auto sm:mb-0 mx-auto\" target=\"\" href=\"\/de\/raise-a-support-ticket\/\">Fahrkarte erheben<\/a>\n                <\/div>\n\n                        <\/div>\n            <\/div>\n<\/div>\n\n                        \n                    <\/li>\n                                                                            <li class=\"cards__list-item w-full \">\n\n                                                    <div class=\"card card--icon rounded h-full flex flex-row justify-center items-start lg:items-center lg:flex-col\">\n    \n            <div class=\"card__icon relative flex justify-center items-center flex-shrink-0 w-14 lg:w-auto lg:h-16\">\n            <svg width=\"79\" height=\"59\" viewBox=\"0 0 79 59\" fill=\"none\" xmlns=\"http:\/\/www.w3.org\/2000\/svg\">\r\n<path d=\"M17.9297 4.27896C18.6117 2.28668 20.5291 0.959742 22.6664 1.00093H72.6664C75.5077 1.08304 77.7448 3.41213 77.6664 6.20644V44.9659C77.7448 47.7602 75.5077 50.0893 72.6664 50.1714H27.6664\" stroke=\"#58B42E\" stroke-width=\"2\" stroke-linecap=\"round\" stroke-linejoin=\"round\"\/>\r\n<path d=\"M32.668 56.7274H62.668\" stroke=\"#58B42E\" stroke-width=\"2\" stroke-linecap=\"round\" stroke-linejoin=\"round\"\/>\r\n<path d=\"M47.6667 50.1714V56.7274\" stroke=\"#58B42E\" stroke-width=\"2\" stroke-linecap=\"round\" stroke-linejoin=\"round\"\/>\r\n<path d=\"M44.334 37.0592H77.6673\" stroke=\"#58B42E\" stroke-width=\"2\" stroke-linecap=\"round\" stroke-linejoin=\"round\"\/>\r\n<path d=\"M11 20.669V14.113C11 12.3026 12.4924 10.835 14.3333 10.835H34.3333C36.1743 10.835 37.6667 12.3026 37.6667 14.113V40.3372C37.6667 42.1476 36.1743 43.6152 34.3333 43.6152H27.6667\" stroke=\"#58B42E\" stroke-width=\"2\" stroke-linecap=\"round\" stroke-linejoin=\"round\"\/>\r\n<path d=\"M27.668 37.0592H37.668\" stroke=\"#58B42E\" stroke-width=\"2\" stroke-linecap=\"round\" stroke-linejoin=\"round\"\/>\r\n<rect x=\"1\" y=\"27.2253\" width=\"20\" height=\"29.5023\" rx=\"1\" stroke=\"#58B42E\" stroke-width=\"2\" stroke-linecap=\"round\" stroke-linejoin=\"round\"\/>\r\n<path d=\"M1 50.1712H21\" stroke=\"#58B42E\" stroke-width=\"2\" stroke-linecap=\"round\" stroke-linejoin=\"round\"\/>\r\n<path d=\"M1 33.7813H21\" stroke=\"#58B42E\" stroke-width=\"2\" stroke-linecap=\"round\" stroke-linejoin=\"round\"\/>\r\n<path d=\"M10.998 17.3944H37.6647\" stroke=\"#58B42E\" stroke-width=\"2\" stroke-linecap=\"round\" stroke-linejoin=\"round\"\/>\r\n<\/svg>\r\n\n        <\/div>\n    \n    <div class=\"card__content flex flex-col justify-start items-start lg:items-center flex-grow h-full ml-6 lg:ml-0 lg:mt-6\">\n                    <h2 as=\"h6\" class=\"card__heading text-left lg:text-center font-bold m-0 p-0\">Eine Bestellung aufgeben<\/h2>\n        \n                    <div as=\"text-base\" class=\"card__copy text-left flex-grow lg:text-center lg:mt-4\"> <p>Geben Sie eine SIM-Bestellung auf, kaufen Sie ein Ger\u00e4t, f\u00fcgen Sie Tischtelefonbenutzer hinzu oder erhalten Sie eine neue Breitbandverbindung f\u00fcr Ihr bestehendes Setup.<\/p>\n <\/div>\n        \n                    <div class=\"wp-block-buttons flex flex-row lg:flex-col justify-start items-center space-x-4 lg:space-y-4 lg:space-x-0 mt-4\">\n                                    \n                <div class=\"tone-block-button\">\n                                        <a class=\"tone-block-button__link button button--primary inline-flex items-center justify-center w-full sm:w-auto sm:mb-0 mx-auto\" target=\"\" href=\"\/de\/place-an-order\/\">Senden Sie eine Bestellung<\/a>\n                <\/div>\n\n                        <\/div>\n            <\/div>\n<\/div>\n\n                        \n                    <\/li>\n                                                                            <li class=\"cards__list-item w-full \">\n\n                                                    <div class=\"card card--icon rounded h-full flex flex-row justify-center items-start lg:items-center lg:flex-col\">\n    \n            <div class=\"card__icon relative flex justify-center items-center flex-shrink-0 w-14 lg:w-auto lg:h-16\">\n            <svg width=\"62\" height=\"62\" viewBox=\"0 0 62 62\" fill=\"none\" xmlns=\"http:\/\/www.w3.org\/2000\/svg\">\r\n<path fill-rule=\"evenodd\" clip-rule=\"evenodd\" d=\"M48.3504 0C51.1153 0 53.367 2.13813 53.4542 4.80779L53.4568 4.96859V19.2225C53.4568 20.5393 52.9192 21.8022 51.9624 22.7338C51.5637 23.122 50.917 23.1222 50.5181 22.7343C50.1191 22.3463 50.1189 21.7172 50.5176 21.329C51.0534 20.8072 51.3702 20.1124 51.41 19.38L51.4143 19.2225V4.96859C51.4143 3.36919 50.1198 2.06396 48.4947 1.99068L48.3504 1.98744H33.704C32.9448 1.98744 32.215 2.26076 31.6542 2.75128L31.5366 2.8597L2.94062 30.684C2.36562 31.2432 2.04255 32.0017 2.04255 32.7927C2.04255 33.531 2.32398 34.241 2.82914 34.7871L2.94079 34.9015L17.5899 49.1527C18.7864 50.3165 20.7258 50.3165 21.9222 49.1527C22.3211 48.7647 22.9677 48.7648 23.3665 49.153C23.7653 49.5411 23.7652 50.1703 23.3663 50.5583C21.4156 52.4558 18.2798 52.497 16.2776 50.682L16.1458 50.5582L1.49678 36.3072C0.538442 35.3753 0 34.111 0 32.7927C0 31.5438 0.483255 30.3434 1.34878 29.4283L1.49655 29.2785L30.0925 1.45414C30.9999 0.57183 32.2135 0.0561645 33.4906 0.00432804L33.704 0H48.3504ZM42.3814 6.46187L42.2201 6.45917L42.0587 6.46187C39.5953 6.54458 37.6243 8.51378 37.6243 10.9309C37.6243 13.4006 39.6819 15.4026 42.2201 15.4026C44.7582 15.4026 46.8158 13.4006 46.8158 10.9309C46.8158 8.51378 44.8449 6.54458 42.3814 6.46187ZM39.6669 10.9309C39.6669 9.60312 40.7374 8.51863 42.0845 8.45005L42.2201 8.44661L42.3557 8.45005C43.7027 8.51863 44.7733 9.60312 44.7733 10.9309C44.7733 12.3029 43.6302 13.4152 42.2201 13.4152C40.81 13.4152 39.6669 12.3029 39.6669 10.9309ZM44.1782 27.8456C42.9991 27.8456 41.9155 28.4766 41.3582 29.4876L41.3034 29.6046L37.3452 39.7481L29.8803 39.7487C28.6444 39.7014 27.4755 40.4387 27 41.5913C26.5245 42.7439 26.8451 44.063 27.8008 44.8863L27.8932 44.9571L34.2882 49.3004L30.6924 57.337C30.166 58.5705 30.5017 59.975 31.5202 60.8446L31.6397 60.9417C32.6517 61.724 34.0586 61.8305 35.1869 61.1965L44.183 56.2789L53.1795 61.2021C54.3429 61.8558 55.8177 61.7143 56.8362 60.8446L56.9506 60.7419C57.8792 59.8672 58.1704 58.5237 57.6709 57.3527L54.0676 49.3004L60.4632 44.9571L60.5583 44.884C61.5112 44.0573 61.8277 42.7371 61.3489 41.5855L61.2906 41.4545C60.7799 40.3785 59.6503 39.701 58.4237 39.7496L50.9996 39.7481L47.0533 29.6054L46.9982 29.4876C46.4409 28.4766 45.3573 27.8456 44.1782 27.8456ZM44.284 29.8378C44.6337 29.8689 44.9504 30.0533 45.1439 30.3385L45.1722 30.3846L49.3399 41.0943C49.4902 41.4806 49.8704 41.7362 50.295 41.7362H58.4652C58.9204 41.719 59.3001 41.9573 59.4554 42.3308L59.4867 42.4179C59.5847 42.7399 59.501 43.0893 59.2666 43.336L59.2284 43.3718L52.2132 48.1371C51.8144 48.4079 51.6673 48.9148 51.8614 49.3486L55.7913 58.1304C55.9683 58.5458 55.8495 59.043 55.4889 59.3508C55.1284 59.6587 54.6063 59.7088 54.1909 59.4754L44.6842 54.2733C44.3736 54.1033 43.9942 54.1032 43.6835 54.2731L34.1761 59.4695C33.7501 59.7088 33.228 59.6587 32.8675 59.3508C32.5069 59.043 32.3881 58.5458 32.572 58.1147L36.495 49.3486L36.5293 49.261C36.6684 48.8482 36.5154 48.3899 36.1432 48.1371L29.1266 43.3718L29.1548 43.3983C28.8454 43.1318 28.7416 42.7048 28.8956 42.3316C29.0495 41.9585 29.4279 41.7199 29.8408 41.7354L38.0505 41.7362L38.1476 41.7317C38.5318 41.6961 38.8664 41.4513 39.0053 41.0951L43.1835 30.3839L43.1582 30.427C43.3598 30.0613 43.7517 29.8331 44.1782 29.8331L44.284 29.8378Z\" fill=\"#58B42E\"\/>\r\n<\/svg>\r\n\n        <\/div>\n    \n    <div class=\"card__content flex flex-col justify-start items-start lg:items-center flex-grow h-full ml-6 lg:ml-0 lg:mt-6\">\n                    <h2 as=\"h6\" class=\"card__heading text-left lg:text-center font-bold m-0 p-0\">Ein Angebot bekommen<\/h2>\n        \n                    <div as=\"text-base\" class=\"card__copy text-left flex-grow lg:text-center lg:mt-4\"> <p>Sprechen Sie mit uns \u00fcber Ihre anderen Dienstleistungen und wie Sie bei Ihrer Kommunikation sparen k\u00f6nnen.<\/p>\n <\/div>\n        \n                    <div class=\"wp-block-buttons flex flex-row lg:flex-col justify-start items-center space-x-4 lg:space-y-4 lg:space-x-0 mt-4\">\n                                    \n                <div class=\"tone-block-button\">\n                                        <a class=\"tone-block-button__link button button--primary inline-flex items-center justify-center w-full sm:w-auto sm:mb-0 mx-auto\" target=\"\" href=\"\/de\/eine-bestellung-aufgeben\/\">In Kontakt kommen<\/a>\n                <\/div>\n\n                        <\/div>\n            <\/div>\n<\/div>\n\n                        \n                    <\/li>\n                                                                            <li class=\"cards__list-item w-full \">\n\n                                                    <div class=\"card card--icon rounded h-full flex flex-row justify-center items-start lg:items-center lg:flex-col\">\n    \n            <div class=\"card__icon relative flex justify-center items-center flex-shrink-0 w-14 lg:w-auto lg:h-16\">\n            <svg width=\"64\" height=\"63\" viewBox=\"0 0 64 63\" fill=\"none\" xmlns=\"http:\/\/www.w3.org\/2000\/svg\">\r\n<path d=\"M4.69727 45.5773H24.9719\" stroke=\"#58B42E\" stroke-width=\"2\" stroke-linecap=\"round\" stroke-linejoin=\"round\"\/>\r\n<path d=\"M6.33594 14.1083H56.9599\" stroke=\"#58B42E\" stroke-width=\"2\" stroke-linecap=\"round\" stroke-linejoin=\"round\"\/>\r\n<path d=\"M31.64 29.8427H1\" stroke=\"#58B42E\" stroke-width=\"2\" stroke-linecap=\"round\" stroke-linejoin=\"round\"\/>\r\n<path d=\"M29.9789 61.2701C13.4602 60.3746 0.641325 46.7554 1.00766 30.4901C1.37399 14.2248 14.7935 1.17715 31.3362 1.00179C47.879 0.826418 61.5814 13.5866 62.3042 29.8403\" stroke=\"#58B42E\" stroke-width=\"2\" stroke-linecap=\"round\" stroke-linejoin=\"round\"\/>\r\n<path d=\"M29.6877 1.06445C13.6877 18.1102 13.9784 40.2907 29.9784 61.27\" stroke=\"#58B42E\" stroke-width=\"2\" stroke-linecap=\"round\" stroke-linejoin=\"round\"\/>\r\n<path d=\"M33.584 1.06445C39.5593 7.18063 43.5266 14.9224 44.9707 23.2842\" stroke=\"#58B42E\" stroke-width=\"2\" stroke-linecap=\"round\" stroke-linejoin=\"round\"\/>\r\n<path fill-rule=\"evenodd\" clip-rule=\"evenodd\" d=\"M48.192 30.9679L52.2934 40.33H60.2934C61.1195 40.2993 61.8764 40.7816 62.1854 41.5357C62.4943 42.2897 62.289 43.1534 61.672 43.6945L54.7387 49.7681L58.5787 58.4562C58.9242 59.271 58.703 60.2117 58.0288 60.7946C57.3546 61.3775 56.3775 61.4728 55.6 61.0314L46.304 55.8888L37.0214 61.0314C36.2439 61.4728 35.2668 61.3775 34.5926 60.7946C33.9184 60.2117 33.6971 59.271 34.0427 58.4562L37.8827 49.7681L30.9494 43.6945C30.3286 43.1544 30.1212 42.2883 30.4315 41.5324C30.7418 40.7766 31.5026 40.2949 32.3307 40.33H40.3147L44.4374 30.9679C44.8098 30.2894 45.5306 29.8665 46.3147 29.8665C47.0987 29.8665 47.8196 30.2894 48.192 30.9679Z\" stroke=\"#58B42E\" stroke-width=\"2\" stroke-linecap=\"round\" stroke-linejoin=\"round\"\/>\r\n<\/svg>\r\n\n        <\/div>\n    \n    <div class=\"card__content flex flex-col justify-start items-start lg:items-center flex-grow h-full ml-6 lg:ml-0 lg:mt-6\">\n                    <h2 as=\"h6\" class=\"card__heading text-left lg:text-center font-bold m-0 p-0\">B\u00fcro umziehen?<\/h2>\n        \n                    <div as=\"text-base\" class=\"card__copy text-left flex-grow lg:text-center lg:mt-4\"> <p>Wir helfen Ihnen mit allem, was Sie bei einem Standortwechsel oder der Er\u00f6ffnung neuer Standorte ben\u00f6tigen.<\/p>\n <\/div>\n        \n                    <div class=\"wp-block-buttons flex flex-row lg:flex-col justify-start items-center space-x-4 lg:space-y-4 lg:space-x-0 mt-4\">\n                                    \n                <div class=\"tone-block-button\">\n                                        <a class=\"tone-block-button__link button button--primary inline-flex items-center justify-center w-full sm:w-auto sm:mb-0 mx-auto\" target=\"\" href=\"\/de\/umzugsbuero\/\">Rede mit uns<\/a>\n                <\/div>\n\n                        <\/div>\n            <\/div>\n<\/div>\n\n                        \n                    <\/li>\n                                                                            <li class=\"cards__list-item w-full \">\n\n                                                    <div class=\"card card--icon rounded h-full flex flex-row justify-center items-start lg:items-center lg:flex-col\">\n    \n            <div class=\"card__icon relative flex justify-center items-center flex-shrink-0 w-14 lg:w-auto lg:h-16\">\n            <svg width=\"78\" height=\"77\" viewBox=\"0 0 78 77\" fill=\"none\" xmlns=\"http:\/\/www.w3.org\/2000\/svg\">\r\n<circle cx=\"56.9139\" cy=\"20.0759\" r=\"19.5429\" stroke=\"#40AF49\" stroke-width=\"2\" stroke-linecap=\"round\" stroke-linejoin=\"round\"\/>\r\n<path d=\"M63.4283 20.076H56.9141V10.3046\" stroke=\"#40AF49\" stroke-width=\"2\" stroke-linecap=\"round\" stroke-linejoin=\"round\"\/>\r\n<path d=\"M35.3055 74.8578C27.4883 67.0179 30.2602 60.9075 34.5042 56.6667L37.2435 53.9274C39.9706 51.2004 44.392 51.2004 47.1191 53.9274L58.9751 65.7834C59.9412 66.7506 60.3589 68.1372 60.0878 69.477C59.8167 70.8169 58.8928 71.932 57.6267 72.4475C42.4479 78.6512 25.0288 75.1437 13.4339 63.5488C1.83907 51.954 -1.66845 34.5349 4.53524 19.3561C5.05074 18.09 6.16587 17.1661 7.50573 16.895C8.84558 16.6239 10.2322 17.0416 11.1994 18.0076L23.0619 29.8571C25.7889 32.5843 25.7889 37.0057 23.0619 39.7328L20.3226 42.472C16.0883 46.7063 9.97141 49.4879 2.13147 41.6708\" stroke=\"#40AF49\" stroke-width=\"2\" stroke-linecap=\"round\" stroke-linejoin=\"round\"\/>\r\n<\/svg>\r\n\n        <\/div>\n    \n    <div class=\"card__content flex flex-col justify-start items-start lg:items-center flex-grow h-full ml-6 lg:ml-0 lg:mt-6\">\n                    <h2 as=\"h6\" class=\"card__heading text-left lg:text-center font-bold m-0 p-0\">Fordern Sie einen R\u00fcckruf an<\/h2>\n        \n                    <div as=\"text-base\" class=\"card__copy text-left flex-grow lg:text-center lg:mt-4\"> <p>Wir rufen Sie zur\u00fcck, um Ihnen bei neuen Bestellungen, technischem Support und Kontofragen zu helfen.<\/p>\n <\/div>\n        \n                    <div class=\"wp-block-buttons flex flex-row lg:flex-col justify-start items-center space-x-4 lg:space-y-4 lg:space-x-0 mt-4\">\n                                    \n                <div class=\"tone-block-button\">\n                                        <a class=\"tone-block-button__link button button--primary inline-flex items-center justify-center w-full sm:w-auto sm:mb-0 mx-auto\" target=\"\" href=\"\/de\/einen-ruckruf-anfordern-mein-konto\/\">Melden Sie eine Anfrage<\/a>\n                <\/div>\n\n                        <\/div>\n            <\/div>\n<\/div>\n\n                        \n                    <\/li>\n                                                <\/ul>\n\n                        <\/div>\n        <!-- End: Cards -->\n<\/div>\n<\/section>\n\n\n<p><\/p>\n","protected":false},"excerpt":{"rendered":"","protected":false},"author":4,"featured_media":0,"parent":0,"menu_order":0,"comment_status":"closed","ping_status":"closed","template":"","meta":{"_acf_changed":false,"_cloudinary_featured_overwrite":false,"footnotes":""},"class_list":["post-8250","page","type-page","status-publish","hentry"],"acf":[],"_links":{"self":[{"href":"https:\/\/www.radiusconnectsolutions.com\/de\/wp-json\/wp\/v2\/pages\/8250","targetHints":{"allow":["GET"]}}],"collection":[{"href":"https:\/\/www.radiusconnectsolutions.com\/de\/wp-json\/wp\/v2\/pages"}],"about":[{"href":"https:\/\/www.radiusconnectsolutions.com\/de\/wp-json\/wp\/v2\/types\/page"}],"author":[{"embeddable":true,"href":"https:\/\/www.radiusconnectsolutions.com\/de\/wp-json\/wp\/v2\/users\/4"}],"replies":[{"embeddable":true,"href":"https:\/\/www.radiusconnectsolutions.com\/de\/wp-json\/wp\/v2\/comments?post=8250"}],"version-history":[{"count":13,"href":"https:\/\/www.radiusconnectsolutions.com\/de\/wp-json\/wp\/v2\/pages\/8250\/revisions"}],"predecessor-version":[{"id":10978,"href":"https:\/\/www.radiusconnectsolutions.com\/de\/wp-json\/wp\/v2\/pages\/8250\/revisions\/10978"}],"wp:attachment":[{"href":"https:\/\/www.radiusconnectsolutions.com\/de\/wp-json\/wp\/v2\/media?parent=8250"}],"curies":[{"name":"wp","href":"https:\/\/api.w.org\/{rel}","templated":true}]}}