{"id":1032637,"date":"2023-04-14T15:21:51","date_gmt":"2023-04-14T15:21:51","guid":{"rendered":"https:\/\/www.radiusconnectsolutions.com\/?page_id=1032637"},"modified":"2023-04-17T11:01:05","modified_gmt":"2023-04-17T11:01:05","slug":"jobs","status":"publish","type":"page","link":"https:\/\/www.radiusconnectsolutions.com\/fr-be\/jobs\/","title":{"rendered":"Careers"},"content":{"rendered":"<section id=\"block_3838337c3b829f37269f17bda1468094\" class=\"relative tone-block tone-band pt-6 sm:pt-6 md:pt-8 lg:pt-14 xl:pt-26 pb-6 sm:pb-6 md:pb-8 lg:pb-14 xl:pb-26 hero-banner relative mx-auto h-auto tone-block-herobanner--slim tone-block-herobanner  \" style=\"color: #FFFFFF; \"><div class=\"w-full h-full flex flex-col justify-center items-center overflow-hidden py-12 mt-20 pt-16 md:mt-0 lg:py-8\">\n    \n    <div class=\"overflow-hidden absolute z-10 w-full top-0 left-0 right-0 bottom-0 object-cover\">\n                    <img width=\"1581\" height=\"542\" data-public-id=\"radius_connect\/elements-hero-banner_10858586d4\/elements-hero-banner_10858586d4.png\" loading=\"lazy\" decoding=\"async\" src=\"https:\/\/res.cloudinary.com\/radius-media\/images\/w_1581,h_542,c_scale\/f_auto,q_auto\/v1678894406\/radius_connect\/elements-hero-banner_10858586d4\/elements-hero-banner_10858586d4.png?_i=AA\" class=\"h-full w-full object-cover relative hero-banner__background wp-image-10858\" alt=\"\" data-format=\"png\" data-transformations=\"f_auto,q_auto\" data-version=\"1678894406\" data-seo=\"1\" data-responsive=\"1\" srcset=\"https:\/\/res.cloudinary.com\/radius-media\/images\/w_1581,h_542,c_scale\/f_auto,q_auto\/v1678894406\/radius_connect\/elements-hero-banner_10858586d4\/elements-hero-banner_10858586d4.png?_i=AA 1581w, https:\/\/res.cloudinary.com\/radius-media\/images\/w_1448,h_496,c_scale\/f_auto,q_auto\/v1678894406\/radius_connect\/elements-hero-banner_10858586d4\/elements-hero-banner_10858586d4.png?_i=AA 1448w, https:\/\/res.cloudinary.com\/radius-media\/images\/w_1248,h_427,c_scale\/f_auto,q_auto\/v1678894406\/radius_connect\/elements-hero-banner_10858586d4\/elements-hero-banner_10858586d4.png?_i=AA 1248w, https:\/\/res.cloudinary.com\/radius-media\/images\/w_1048,h_359,c_scale\/f_auto,q_auto\/v1678894406\/radius_connect\/elements-hero-banner_10858586d4\/elements-hero-banner_10858586d4.png?_i=AA 1048w, https:\/\/res.cloudinary.com\/radius-media\/images\/w_848,h_290,c_scale\/f_auto,q_auto\/v1678894406\/radius_connect\/elements-hero-banner_10858586d4\/elements-hero-banner_10858586d4.png?_i=AA 848w, https:\/\/res.cloudinary.com\/radius-media\/images\/w_648,h_222,c_scale\/f_auto,q_auto\/v1678894406\/radius_connect\/elements-hero-banner_10858586d4\/elements-hero-banner_10858586d4.png?_i=AA 648w, https:\/\/res.cloudinary.com\/radius-media\/images\/w_448,h_153,c_scale\/f_auto,q_auto\/v1678894406\/radius_connect\/elements-hero-banner_10858586d4\/elements-hero-banner_10858586d4.png?_i=AA 448w, https:\/\/res.cloudinary.com\/radius-media\/images\/w_248,h_85,c_scale\/f_auto,q_auto\/v1678894406\/radius_connect\/elements-hero-banner_10858586d4\/elements-hero-banner_10858586d4.png?_i=AA 248w\" sizes=\"(max-width: 1581px) 100vw, 1581px\" \/>\n        \n    <\/div>\n\n    \n    <div class=\"container z-30 relative h-full bg-no-repeat bg-cover  lg:bg-transparent overflow-hidden\">\n\n        <div class=\"hero-banner__banner h-full flex flex-col justify-center items-center relative\">\n\n            <div class=\"hero-banner__content w-full h-full mx-auto text-left lg:w-11\/12 xl:w-9\/12 xl:m-0 lg:text-center z-20\">\n\n                \n                <h1 class=\"w-full font-bold text-2xl sm:text-4xl md:text-6xl xl:text-8xl m-0 p-0 text-center\"> Jobs <\/h1>\n\n                                    <div as=\"text-xl\" class=\"hero-banner__wysiwyg w-full px-0 mb-6 text-left text-center 2xl:mx-auto md:max-w-screen-sm 2xl:max-w-screen-md text-center mx-auto\"> <p>Radius est toujours \u00e0 la recherche de personnes formidables<\/p>\n <\/div>\n                \n                                    \n                    <div class=\"wp-block-buttons hero-banner__button-group w-full flex flex-col justify-center items-center sm:flex-row space-x-0 sm:space-x-2 my-0 py-0 text-center\">\n                                    \n                <div class=\"tone-block-button\">\n                                        <a class=\"tone-block-button__link button button--primary inline-flex items-center justify-center w-full sm:w-auto sm:mb-0 mx-auto\" target=\"_blank\" href=\"https:\/\/www.radius.com\/careers\/\" rel=\"noopener\">D\u00e9couvrez nos opportunit\u00e9s actuelles<\/a>\n                <\/div>\n\n                        <\/div>\n                \n            <\/div>\n        <\/div>\n    <\/div>\n<\/div>\n\n\n<\/section>\n\n<section id=\"block_166c3ee838f49f1d0de927111722f405\" class=\"relative tone-block tone-band bg-primary-light tone-block-usp  \" style=\"\"><div class=\"container py-4\">\n    <div class=\"swiper usp-carousel  overflow-hidden\">\n        <ul class=\"swiper-wrapper w-full flex flex-row whitespace-nowrap text-sm font-medium\">\n                                        <li class=\"swiper-slide flex flex-row justify-center items-center md:px-4 lg:px-6 xl:px-0\">\n                    <div class=\"w-6 h-6 mr-3 flex-grow-0 flex-shrink-0\">\n                        <svg width=\"69\" height=\"65\" viewBox=\"0 0 69 65\" fill=\"none\" xmlns=\"http:\/\/www.w3.org\/2000\/svg\">\r\n<path d=\"M46.2945 50.9813L59.1818 46.773C62.4131 45.8308 65.8989 46.9734 67.9091 49.6339C32.3338 67.1221 43.8451 67.0191 12.6364 56.7859L1 63.938\" stroke=\"#58B42E\" stroke-width=\"2\" stroke-linecap=\"round\" stroke-linejoin=\"round\"\/>\r\n<path d=\"M27.1818 52.4948H43.1818C44.3453 52.7003 45.5214 52.2043 46.172 51.2338C46.8226 50.2632 46.8226 49.0048 46.172 48.0342C45.5214 47.0637 44.3453 46.5677 43.1818 46.7732H34.4545C31.0063 43.2745 26.315 41.2241 21.3636 41.0515H12.6364L1 46.7732\" stroke=\"#58B42E\" stroke-width=\"2\" stroke-linecap=\"round\" stroke-linejoin=\"round\"\/>\r\n<ellipse cx=\"44.4329\" cy=\"18.5912\" rx=\"17.888\" ry=\"17.5912\" stroke=\"#58B42E\" stroke-width=\"2\" stroke-linecap=\"round\" stroke-linejoin=\"round\"\/>\r\n<path d=\"M37.5449 19.1266L41.5695 23.0843C41.9557 23.4636 42.4919 23.6566 43.0358 23.6123C43.5797 23.5679 44.0763 23.2907 44.3937 22.8541L52.4094 11.8176\" stroke=\"#40AF49\" stroke-width=\"2\" stroke-linecap=\"round\" stroke-linejoin=\"round\"\/>\r\n<\/svg>\r\n\n                    <\/div>\n                    <p class=\"my-0 py-0 whitespace-normal pointer-events-none\">\n                        Au service des entreprises depuis plus de 30 ans\n                    <\/p>\n                <\/li>\n                                            <li class=\"swiper-slide flex flex-row justify-center items-center md:px-4 lg:px-6 xl:px-0\">\n                    <div class=\"w-6 h-6 mr-3 flex-grow-0 flex-shrink-0\">\n                        <svg width=\"67\" height=\"65\" viewBox=\"0 0 67 65\" fill=\"none\" xmlns=\"http:\/\/www.w3.org\/2000\/svg\">\r\n<path fill-rule=\"evenodd\" clip-rule=\"evenodd\" d=\"M34.3776 1.7794L37.2382 9.15565H42.8034C43.3778 9.13448 43.9041 9.46746 44.1192 9.98812C44.3343 10.5088 44.192 11.1053 43.7634 11.4794L38.9328 14.768L41.6096 20.7717C41.8499 21.3356 41.6953 21.9862 41.2255 22.3891C40.7557 22.792 40.0751 22.8575 39.5338 22.5519L33.067 18.9997L26.5975 22.5519C26.0561 22.8575 25.3756 22.792 24.9058 22.3891C24.4359 21.9862 24.2814 21.3356 24.5216 20.7717L27.1985 14.768L22.3679 11.4794C21.9363 11.1069 21.7916 10.5093 22.0066 9.98747C22.2216 9.46559 22.7497 9.13243 23.3251 9.15565H28.8903L31.7536 1.7794C32.0076 1.3006 32.5136 1 33.0656 1C33.6177 1 34.1237 1.3006 34.3776 1.7794Z\" stroke=\"#58B42E\" stroke-width=\"2\" stroke-linecap=\"round\" stroke-linejoin=\"round\"\/>\r\n<path d=\"M20.5233 23.938L18.019 25.6393L20.6959 31.6431C20.9361 32.2069 20.7816 32.8575 20.3117 33.2605C19.8419 33.6634 19.1614 33.7289 18.62 33.4233L12.156 29.871L5.68926 33.4233C5.14794 33.7289 4.4674 33.6634 3.99757 33.2605C3.52774 32.8575 3.3732 32.2069 3.61343 31.6431L6.2903 25.6393L1.45969 22.3507C1.02813 21.9782 0.883429 21.3807 1.0984 20.8588C1.31338 20.3369 1.84146 20.0038 2.41691 20.027H7.98213L10.8482 12.6507C11.1021 12.1719 11.6081 11.8713 12.1602 11.8713C12.7123 11.8713 13.2183 12.1719 13.4722 12.6507L16.33 20.027H19.132\" stroke=\"#58B42E\" stroke-width=\"2\" stroke-linecap=\"round\" stroke-linejoin=\"round\"\/>\r\n<path d=\"M45.5669 23.938L48.0712 25.6393L45.3971 31.6431C45.1569 32.2069 45.3115 32.8575 45.7813 33.2605C46.2511 33.6634 46.9317 33.7289 47.473 33.4233L53.9398 29.871L60.4065 33.4233C60.948 33.731 61.6302 33.6665 62.1012 33.2632C62.5722 32.8598 62.7267 32.2076 62.4851 31.6431L59.8083 25.6393L64.6389 22.3507C65.0704 21.9782 65.2151 21.3807 65.0002 20.8588C64.7852 20.3369 64.2571 20.0038 63.6817 20.027H58.1164L55.2476 12.6507C54.9937 12.1719 54.4876 11.8713 53.9356 11.8713C53.3835 11.8713 52.8775 12.1719 52.6236 12.6507L49.7631 20.027H46.9582\" stroke=\"#58B42E\" stroke-width=\"2\" stroke-linecap=\"round\" stroke-linejoin=\"round\"\/>\r\n<ellipse cx=\"33.145\" cy=\"43.8081\" rx=\"9.04348\" ry=\"8.83302\" stroke=\"#58B42E\" stroke-width=\"2\" stroke-linecap=\"round\" stroke-linejoin=\"round\"\/>\r\n<path d=\"M45.5279 63.5127C42.773 59.3729 38.0611 56.8752 33.0061 56.8752C27.9511 56.8752 23.2392 59.3729 20.4844 63.5127\" stroke=\"#58B42E\" stroke-width=\"2\" stroke-linecap=\"round\" stroke-linejoin=\"round\"\/>\r\n<\/svg>\r\n\n                    <\/div>\n                    <p class=\"my-0 py-0 whitespace-normal pointer-events-none\">\n                        Fournisseur ind\u00e9pendant offrant le meilleur rapport prix, qualit\u00e9, valeur\n                    <\/p>\n                <\/li>\n                                            <li class=\"swiper-slide flex flex-row justify-center items-center md:px-4 lg:px-6 xl:px-0\">\n                    <div class=\"w-6 h-6 mr-3 flex-grow-0 flex-shrink-0\">\n                        <svg width=\"64\" height=\"63\" viewBox=\"0 0 64 63\" fill=\"none\" xmlns=\"http:\/\/www.w3.org\/2000\/svg\">\r\n<path d=\"M4.69727 45.5773H24.9719\" stroke=\"#58B42E\" stroke-width=\"2\" stroke-linecap=\"round\" stroke-linejoin=\"round\"\/>\r\n<path d=\"M6.33594 14.1083H56.9599\" stroke=\"#58B42E\" stroke-width=\"2\" stroke-linecap=\"round\" stroke-linejoin=\"round\"\/>\r\n<path d=\"M31.64 29.8427H1\" stroke=\"#58B42E\" stroke-width=\"2\" stroke-linecap=\"round\" stroke-linejoin=\"round\"\/>\r\n<path d=\"M29.9789 61.2701C13.4602 60.3746 0.641325 46.7554 1.00766 30.4901C1.37399 14.2248 14.7935 1.17715 31.3362 1.00179C47.879 0.826418 61.5814 13.5866 62.3042 29.8403\" stroke=\"#58B42E\" stroke-width=\"2\" stroke-linecap=\"round\" stroke-linejoin=\"round\"\/>\r\n<path d=\"M29.6877 1.06445C13.6877 18.1102 13.9784 40.2907 29.9784 61.27\" stroke=\"#58B42E\" stroke-width=\"2\" stroke-linecap=\"round\" stroke-linejoin=\"round\"\/>\r\n<path d=\"M33.584 1.06445C39.5593 7.18063 43.5266 14.9224 44.9707 23.2842\" stroke=\"#58B42E\" stroke-width=\"2\" stroke-linecap=\"round\" stroke-linejoin=\"round\"\/>\r\n<path fill-rule=\"evenodd\" clip-rule=\"evenodd\" d=\"M48.192 30.9679L52.2934 40.33H60.2934C61.1195 40.2993 61.8764 40.7816 62.1854 41.5357C62.4943 42.2897 62.289 43.1534 61.672 43.6945L54.7387 49.7681L58.5787 58.4562C58.9242 59.271 58.703 60.2117 58.0288 60.7946C57.3546 61.3775 56.3775 61.4728 55.6 61.0314L46.304 55.8888L37.0214 61.0314C36.2439 61.4728 35.2668 61.3775 34.5926 60.7946C33.9184 60.2117 33.6971 59.271 34.0427 58.4562L37.8827 49.7681L30.9494 43.6945C30.3286 43.1544 30.1212 42.2883 30.4315 41.5324C30.7418 40.7766 31.5026 40.2949 32.3307 40.33H40.3147L44.4374 30.9679C44.8098 30.2894 45.5306 29.8665 46.3147 29.8665C47.0987 29.8665 47.8196 30.2894 48.192 30.9679Z\" stroke=\"#58B42E\" stroke-width=\"2\" stroke-linecap=\"round\" stroke-linejoin=\"round\"\/>\r\n<\/svg>\r\n\n                    <\/div>\n                    <p class=\"my-0 py-0 whitespace-normal pointer-events-none\">\n                        Une pr\u00e9sence mondiale avec une assistance locale\n                    <\/p>\n                <\/li>\n                                    <\/ul>\n    <\/div>\n<\/div>\n<\/section>\n\n<section id=\"block_dc2b2551786131883276ab54e01bdd2d\" class=\"relative tone-block tone-band bg-transparent pt-8 sm:pt-10 md:pt-14 lg:pt-14 xl:pt-28 pb-8 sm:pb-10 md:pb-14 lg:pb-14 xl:pb-28 tone-block-headingcopy  \" style=\"color: #111821; \"><div class=\"container\"> \n                <div class=\"heading-copy__wrapper\">\n            <div class=\"heading-copy__copy\"> <p>Radius Connect fait partie de Radius une entreprise mondiale de services aux entreprises, fond\u00e9e il y a plus de 30 ans au Royaume-Uni et op\u00e9rant aujourd&#8217;hui dans 30 bureaux et 20 pays sur les 5 continents. Le groupe emploie plus de 2.000 personnes et sert plus de 250.000 clients de diff\u00e9rents types et tailles d&#8217;entreprises dans le monde entier. Radius est l&#8217;une des soci\u00e9t\u00e9s priv\u00e9es \u00e0 la croissance la plus rapide.<\/p>\n<p>Notre personnel est absolument essentiel \u00e0 la r\u00e9ussite de l&#8217;entreprise, car nous d\u00e9veloppons de nouveaux produits innovants dans une gamme croissante d&#8217;activit\u00e9s, notre derni\u00e8re \u00e9tape \u00e9tant le monde de la recharge des v\u00e9hicules \u00e9lectriques.<\/p>\n<p>Nous aimons d\u00e9velopper notre personnel et lui offrir un large \u00e9ventail d&#8217;opportunit\u00e9s pour \u00e9voluer au sein de l&#8217;entreprise et l&#8217;aider \u00e0 devenir un expert dans son domaine et un leader potentiel pour l&#8217;avenir.<\/p>\n<p>Pour en savoir plus sur les diff\u00e9rentes divisions et les opportunit\u00e9s de carri\u00e8re dans l&#8217;ensemble de Radius, veuillez suivre le lien ci-dessous vers nos opportunit\u00e9s actuelles.<\/p>\n <\/div>\n        <\/div>\n    <\/div><\/section>\n\n<section id=\"block_e5a44cd58891891dd823da4ab57b7c7d\" class=\"relative tone-block tone-band bg-cover bg-center bg-repeat pt-0 pb-8 sm:pb-10 md:pb-14 lg:pb-14 xl:pb-28 cta-banner tone-block-ctabanner  \" style=\"background-image: url(&quot;https:\/\/www.radiusconnectsolutions.com\/app\/uploads\/2023\/04\/elements-hero-banner-300x103-1.png&quot;); color: #FFFFFF; \"><div class=\"mx-auto  lg:rounded-2xl animate__animated do__fadeIn bg-no-repeat bg-cover bg-center\" style=\"background-image: url(&quot;https:\/\/www.radiusconnectsolutions.com\/app\/uploads\/2023\/04\/elements-hero-banner-300x103-1.png&quot;)\">\n\n    <div class=\"flex flex-col  justify-center items-center rounded-2xl bg-center bg-no-repeat bg-cover px-9 py-12\">\n\n        \n        <div class=\"flex flex-col justify-center  items-center w-full\">\n            \n            <h2 as=\"h3\" class=\"font-bold text-center m-0 p-0 mb-4 \">  <\/h2>\n\n                                        <p as=\"text-base\" class=\"text-center w-10\/12 lg:w-7\/12 m-0 p-0\"> Nous sommes toujours \u00e0 la recherche de personnes ambitieuses, ouvertes et sympathiques pour rejoindre notre \u00e9quipe en Belgique, dans le domaine de la vente et d&#039;autres fonctions. <\/p>\n            \n                            <div class=\"flex flex-col space-x-0 space-y-2 sm:flex-row sm:space-x-2 sm:space-y-0 mt-6 lg:mt-7 flex-col\">\n                    <div class=\"cta-banner__button-group\">\n                        <div class=\"wp-block-buttons flex flex-col justify-center space-y-4 sm:flex-row sm:space-y-0 sm:space-x-2 sm:flex-nowrap\">\n                                    \n                <div class=\"tone-block-button\">\n                                        <a class=\"tone-block-button__link button button--primary  bg-mind hover:bg-mind-hover\" target=\"_blank\" href=\"https:\/\/www.radius.com\/careers\/\" rel=\"noopener\">Voir toutes les opportunit\u00e9s<\/a>\n                <\/div>\n\n                        <\/div>\n                    <\/div>\n                <\/div>\n                    <\/div>\n    <\/div>\n\n<\/div><\/section>\n\n<section id=\"block_fa52179bbe1645ef217efe37d9ea3a49\" class=\"relative tone-block tone-band bg-transparent pt-6 sm:pt-6 md:pt-8 lg:pt-14 xl:pt-26 pb-8 sm:pb-10 md:pb-14 lg:pb-14 xl:pb-28 cards cards-display-row tone-block-cards  \" style=\"\"><div class=\"container pb-6 sm:pb-6 md:pb-8 lg:pb-14 xl:pb-26\" style=\"padding-top: 0;\">\n        <div class=\"block-headings flex flex-col lg:flex-row justify-center items-center \">\n            <div class=\"block-headings__wrapper flex flex-col justify-center items-center text-center\">\n                                                            <h2 as=\"h2\" class=\"block-headings__block-title font-semibold \"> Connectez-vous avec nous <\/h2>\n                                                                        <p as=\"text-lg\" class=\"w-full text-center m-0 p-0 mt-4\"> Choisissez l&#039;une des options ci-dessous pour vous renseigner sur nos produits et services.<\/p>\n                            <\/div>\n                    <\/div>\n    <\/div>\n<div class=\"container\">\n    <!-- Start: Cards -->\n        <div class=\"cards__wrapper animate__animated do__fadeIn  \" data-cards-per-slide=\"\" data-nav-enabled=\"\">\n                                <ul class=\"cards__list list-none m-0 p-0\n             lg:gap-12\n            grid grid-cols- gap-8 lg:gap-10 xl:gap-12 2xl:gap-16 md:grid-cols- xl:grid-cols-none xl:auto-cols-fr xl:grid-flow-col lg:gap-x-12\n            \n            \n            \n            \">\n\n                                                        <li class=\"cards__list-item w-full \">\n\n                                                    <div class=\"card card--icon rounded h-full flex flex-row justify-center items-start lg:items-center lg:flex-col\">\n    \n            <div class=\"card__icon relative flex justify-center items-center flex-shrink-0 w-14 lg:w-auto lg:h-16\">\n            <svg width=\"71\" height=\"70\" viewBox=\"0 0 71 70\" fill=\"none\" xmlns=\"http:\/\/www.w3.org\/2000\/svg\">\r\n<path fill-rule=\"evenodd\" clip-rule=\"evenodd\" d=\"M36.5617 66.8233L36.5923 66.8447C42.0395 70.3134 49.165 69.5307 53.7296 64.9625L55.6545 63.0374C56.516 62.1763 57 61.0082 57 59.7901C57 58.5721 56.516 57.4039 55.6545 56.5429L47.5357 48.4294C46.6748 47.5678 45.5067 47.0837 44.2888 47.0837C43.0709 47.0837 41.9028 47.5678 41.0419 48.4294V48.4294C39.2494 50.2216 36.3437 50.2216 34.5511 48.4294L21.5697 35.4435C19.7777 33.6508 19.7777 30.7448 21.5697 28.9521V28.9521C22.4312 28.0911 22.9152 26.9229 22.9152 25.7049C22.9152 24.4868 22.4312 23.3187 21.5697 22.4576L13.4539 14.3441C11.6614 12.552 8.75572 12.552 6.9632 14.3441L5.03525 16.2692C0.468441 20.835 -0.312816 27.9613 3.15627 33.4083L3.17463 33.4389C12.0682 46.5985 23.4018 57.9312 36.5617 66.8233V66.8233Z\" stroke=\"#58B42E\" stroke-width=\"2\" stroke-linecap=\"round\" stroke-linejoin=\"round\"\/>\r\n<path d=\"M33 23C40.732 23 47 29.268 47 37\" stroke=\"#58B42E\" stroke-width=\"2\" stroke-linecap=\"round\" stroke-linejoin=\"round\"\/>\r\n<path d=\"M33 12C46.8071 12 58 23.1929 58 37\" stroke=\"#58B42E\" stroke-width=\"2\" stroke-linecap=\"round\" stroke-linejoin=\"round\"\/>\r\n<path d=\"M33 0C53.4345 0 70 16.5655 70 37\" stroke=\"#58B42E\" stroke-width=\"2\" stroke-linecap=\"round\" stroke-linejoin=\"round\"\/>\r\n<\/svg>\r\n\n        <\/div>\n    \n    <div class=\"card__content flex flex-col justify-start items-start lg:items-center flex-grow h-full ml-6 lg:ml-0 lg:mt-6\">\n                    <h2 as=\"h6\" class=\"card__heading text-left lg:text-center font-bold m-0 p-0\">Appelez-nous<\/h2>\n        \n        \n                    <div class=\"wp-block-buttons flex flex-row lg:flex-col justify-start items-center space-x-4 lg:space-y-4 lg:space-x-0 mt-4\">\n                                    \n                <div class=\"tone-block-button\">\n                                        <a class=\"tone-block-button__link button button--text-link inline-flex items-center justify-center w-full sm:w-auto sm:mb-0 mx-auto\" target=\"\" href=\"tel:055335875\">+32 (0)55 33 58 75<\/a>\n                <\/div>\n\n                        <\/div>\n            <\/div>\n<\/div>\n\n                        \n                    <\/li>\n                                                                            <li class=\"cards__list-item w-full \">\n\n                                                    <div class=\"card card--icon rounded h-full flex flex-row justify-center items-start lg:items-center lg:flex-col\">\n    \n            <div class=\"card__icon relative flex justify-center items-center flex-shrink-0 w-14 lg:w-auto lg:h-16\">\n            <svg width=\"78\" height=\"77\" viewBox=\"0 0 78 77\" fill=\"none\" xmlns=\"http:\/\/www.w3.org\/2000\/svg\">\r\n<circle cx=\"56.602\" cy=\"55.6399\" r=\"20.1176\" stroke=\"#58B42E\" stroke-width=\"2\" stroke-linecap=\"round\" stroke-linejoin=\"round\"\/>\r\n<path d=\"M50.3164 51.8677C50.3164 48.3956 53.1311 45.5809 56.6032 45.5809C60.0753 45.5809 62.8899 48.3956 62.8899 51.8677C62.8899 55.3398 60.0753 58.1545 56.6032 58.1545\" stroke=\"#58B42E\" stroke-width=\"2\" stroke-linecap=\"round\" stroke-linejoin=\"round\"\/>\r\n<path d=\"M56.6031 65.6986C57.2975 65.6986 57.8604 66.2615 57.8604 66.956C57.8604 67.6504 57.2975 68.2133 56.6031 68.2133C55.9086 68.2133 55.3457 67.6504 55.3457 66.956C55.3457 66.2615 55.9086 65.6986 56.6031 65.6986\" stroke=\"#58B42E\" stroke-width=\"2\" stroke-linecap=\"round\" stroke-linejoin=\"round\"\/>\r\n<path d=\"M16.3672 33.0074H33.9701\" stroke=\"#58B42E\" stroke-width=\"2\" stroke-linecap=\"round\" stroke-linejoin=\"round\"\/>\r\n<path d=\"M16.3672 45.5809H26.426\" stroke=\"#58B42E\" stroke-width=\"2\" stroke-linecap=\"round\" stroke-linejoin=\"round\"\/>\r\n<path d=\"M16.3672 58.1545H26.426\" stroke=\"#58B42E\" stroke-width=\"2\" stroke-linecap=\"round\" stroke-linejoin=\"round\"\/>\r\n<path d=\"M31.4558 75.7575H6.30871C3.53104 75.7575 1.2793 73.5057 1.2793 70.7281V17.9192C1.2793 15.1416 3.53104 12.8898 6.30871 12.8898H18.8822C18.8822 5.94564 24.5116 0.316284 31.4558 0.316284C38.3999 0.316284 44.0293 5.94564 44.0293 12.8898H56.6028C59.3805 12.8898 61.6322 15.1416 61.6322 17.9192V25.4633\" stroke=\"#58B42E\" stroke-width=\"2\" stroke-linecap=\"round\" stroke-linejoin=\"round\"\/>\r\n<path d=\"M31.4566 10.3751C32.151 10.3751 32.7139 10.9381 32.7139 11.6325C32.7139 12.3269 32.151 12.8898 31.4566 12.8898C30.7622 12.8898 30.1992 12.3269 30.1992 11.6325C30.1992 10.9381 30.7622 10.3751 31.4566 10.3751\" stroke=\"#58B42E\" stroke-width=\"2\" stroke-linecap=\"round\" stroke-linejoin=\"round\"\/>\r\n<\/svg>\r\n\n        <\/div>\n    \n    <div class=\"card__content flex flex-col justify-start items-start lg:items-center flex-grow h-full ml-6 lg:ml-0 lg:mt-6\">\n                    <h2 as=\"h6\" class=\"card__heading text-left lg:text-center font-bold m-0 p-0\">Contactez-moi<\/h2>\n        \n        \n                    <div class=\"wp-block-buttons flex flex-row lg:flex-col justify-start items-center space-x-4 lg:space-y-4 lg:space-x-0 mt-4\">\n                                    \n                <div class=\"tone-block-button\">\n                                        <a class=\"tone-block-button__link button button--text-link inline-flex items-center justify-center w-full sm:w-auto sm:mb-0 mx-auto\" target=\"\" href=\"\/fr-be\/contact\/\">Demandez un appel<\/a>\n                <\/div>\n\n                        <\/div>\n            <\/div>\n<\/div>\n\n                        \n                    <\/li>\n                                                                            <li class=\"cards__list-item w-full \">\n\n                                                    <div class=\"card card--icon rounded h-full flex flex-row justify-center items-start lg:items-center lg:flex-col\">\n    \n            <div class=\"card__icon relative flex justify-center items-center flex-shrink-0 w-14 lg:w-auto lg:h-16\">\n            <svg width=\"75\" height=\"74\" viewBox=\"0 0 75 74\" fill=\"none\" xmlns=\"http:\/\/www.w3.org\/2000\/svg\">\r\n<path fill-rule=\"evenodd\" clip-rule=\"evenodd\" d=\"M39.8983 6.03713e-05C27.5459 -0.0177661 16.1563 6.67367 10.1502 17.4773C4.14399 28.2808 4.46692 41.4955 10.9936 51.9922L1 73L21.9856 62.9941C34.2584 70.6346 50.0139 69.6838 61.2807 60.6229C72.5474 51.562 76.8682 36.3671 72.0568 22.7261C67.2455 9.08501 54.3514 -0.0270593 39.8983 6.03713e-05Z\" stroke=\"#58B42E\" stroke-width=\"2\" stroke-linecap=\"round\" stroke-linejoin=\"round\"\/>\r\n<path fill-rule=\"evenodd\" clip-rule=\"evenodd\" d=\"M44.4961 50.5618L44.5164 50.576C48.1154 52.8677 52.8233 52.3507 55.8392 49.3323L57.111 48.0604C57.6802 47.4915 58 46.7197 58 45.9149C58 45.1101 57.6802 44.3383 57.111 43.7694L51.7468 38.4087C51.178 37.8395 50.4062 37.5196 49.6015 37.5196C48.7968 37.5196 48.0251 37.8395 47.4562 38.4087V38.4087C46.2719 39.5928 44.3521 39.5928 43.1677 38.4087L34.5907 29.8288C33.4067 28.6443 33.4067 26.7243 34.5907 25.5398V25.5398C35.1599 24.9709 35.4797 24.1991 35.4797 23.3943C35.4797 22.5895 35.1599 21.8177 34.5907 21.2488L29.2285 15.8881C28.0441 14.704 26.1243 14.704 24.94 15.8881L23.6661 17.16C20.6488 20.1767 20.1326 24.8851 22.4247 28.484L22.4368 28.5042C28.3129 37.199 35.8012 44.6867 44.4961 50.5618V50.5618Z\" stroke=\"#58B42E\" stroke-width=\"2\" stroke-linecap=\"round\" stroke-linejoin=\"round\"\/>\r\n<\/svg>\r\n\n        <\/div>\n    \n    <div class=\"card__content flex flex-col justify-start items-start lg:items-center flex-grow h-full ml-6 lg:ml-0 lg:mt-6\">\n                    <h2 as=\"h6\" class=\"card__heading text-left lg:text-center font-bold m-0 p-0\">WhatsApp<\/h2>\n        \n        \n                    <div class=\"wp-block-buttons flex flex-row lg:flex-col justify-start items-center space-x-4 lg:space-y-4 lg:space-x-0 mt-4\">\n                                    \n                <div class=\"tone-block-button\">\n                                        <a class=\"tone-block-button__link button button--text-link inline-flex items-center justify-center w-full sm:w-auto sm:mb-0 mx-auto\" target=\"\" href=\"https:\/\/wa.me\/3255335557\" rel=\"noopener\">Envoyez un message<\/a>\n                <\/div>\n\n                        <\/div>\n            <\/div>\n<\/div>\n\n                        \n                    <\/li>\n                                                <\/ul>\n\n                        <\/div>\n        <!-- End: Cards -->\n<\/div>\n<\/section>","protected":false},"excerpt":{"rendered":"","protected":false},"author":18,"featured_media":0,"parent":0,"menu_order":0,"comment_status":"closed","ping_status":"closed","template":"","meta":{"_acf_changed":false,"_cloudinary_featured_overwrite":false,"footnotes":""},"class_list":["post-1032637","page","type-page","status-publish","hentry"],"acf":[],"_links":{"self":[{"href":"https:\/\/www.radiusconnectsolutions.com\/fr-be\/wp-json\/wp\/v2\/pages\/1032637","targetHints":{"allow":["GET"]}}],"collection":[{"href":"https:\/\/www.radiusconnectsolutions.com\/fr-be\/wp-json\/wp\/v2\/pages"}],"about":[{"href":"https:\/\/www.radiusconnectsolutions.com\/fr-be\/wp-json\/wp\/v2\/types\/page"}],"author":[{"embeddable":true,"href":"https:\/\/www.radiusconnectsolutions.com\/fr-be\/wp-json\/wp\/v2\/users\/18"}],"replies":[{"embeddable":true,"href":"https:\/\/www.radiusconnectsolutions.com\/fr-be\/wp-json\/wp\/v2\/comments?post=1032637"}],"version-history":[{"count":4,"href":"https:\/\/www.radiusconnectsolutions.com\/fr-be\/wp-json\/wp\/v2\/pages\/1032637\/revisions"}],"predecessor-version":[{"id":1137278,"href":"https:\/\/www.radiusconnectsolutions.com\/fr-be\/wp-json\/wp\/v2\/pages\/1032637\/revisions\/1137278"}],"wp:attachment":[{"href":"https:\/\/www.radiusconnectsolutions.com\/fr-be\/wp-json\/wp\/v2\/media?parent=1032637"}],"curies":[{"name":"wp","href":"https:\/\/api.w.org\/{rel}","templated":true}]}}