{"id":1035937,"date":"2023-04-14T15:42:02","date_gmt":"2023-04-14T15:42:02","guid":{"rendered":"https:\/\/www.radiusconnectsolutions.com\/?page_id=1035937"},"modified":"2023-04-14T15:42:03","modified_gmt":"2023-04-14T15:42:03","slug":"sim-only-formulaire","status":"publish","type":"page","link":"https:\/\/www.radiusconnectsolutions.com\/fr-be\/sim-only\/sim-only-formulaire\/","title":{"rendered":"SIM ONLY form"},"content":{"rendered":"<section id=\"block_74c23d71ef0d60f7d0ed0843b11fb95a\" class=\"relative tone-block tone-band bg-cover bg-center bg-repeat pt-6 sm:pt-6 md:pt-8 lg:pt-14 xl:pt-26 pb-8 sm:pb-10 md:pb-14 lg:pb-14 xl:pb-28 contact-form tone-block-contactform  \" style=\"background-image: url(&quot;https:\/\/www.radiusconnectsolutions.com\/app\/uploads\/2021\/10\/elements-hero-banner.png&quot;); color: #FFFFFF; \"><div class=\"container pb-6 sm:pb-6 md:pb-8 lg:pb-14 xl:pb-26\" style=\"padding-top: 0;\">\n        <div class=\"block-headings flex flex-col lg:flex-row justify-center items-center \">\n            <div class=\"block-headings__wrapper flex flex-col justify-center items-center text-center\">\n                                                            <h2 as=\"h2\" class=\"block-headings__block-title font-semibold \"> Soumettez vos coordonn\u00e9es <\/h2>\n                                                                        <p as=\"text-lg\" class=\"w-full text-center m-0 p-0 mt-4\">Un de nos experts vous appellera<\/p>\n                            <\/div>\n                    <\/div>\n    <\/div>\n<div class=\"container\">\n\n    <div class=\"contact-form__wrapper\"> \n\n        <div class=\"contact-form__form lg:px-12\">\n\n            \n            <div class=\"contact-form__form-code mt-8 bg-white text-black w-full px-6 py-9 md:w-10\/12 xl:w-6\/12 mx-auto lg:px-12 lg:py-8 shadow-lg rounded-2xl\">\n                                                            <script type=\"text\/javascript\">\n\/* <![CDATA[ *\/\nvar gform;gform||(document.addEventListener(\"gform_main_scripts_loaded\",function(){gform.scriptsLoaded=!0}),document.addEventListener(\"gform\/theme\/scripts_loaded\",function(){gform.themeScriptsLoaded=!0}),window.addEventListener(\"DOMContentLoaded\",function(){gform.domLoaded=!0}),gform={domLoaded:!1,scriptsLoaded:!1,themeScriptsLoaded:!1,isFormEditor:()=>\"function\"==typeof InitializeEditor,callIfLoaded:function(o){return!(!gform.domLoaded||!gform.scriptsLoaded||!gform.themeScriptsLoaded&&!gform.isFormEditor()||(gform.isFormEditor()&&console.warn(\"The use of gform.initializeOnLoaded() is deprecated in the form editor context and will be removed in Gravity Forms 3.1.\"),o(),0))},initializeOnLoaded:function(o){gform.callIfLoaded(o)||(document.addEventListener(\"gform_main_scripts_loaded\",()=>{gform.scriptsLoaded=!0,gform.callIfLoaded(o)}),document.addEventListener(\"gform\/theme\/scripts_loaded\",()=>{gform.themeScriptsLoaded=!0,gform.callIfLoaded(o)}),window.addEventListener(\"DOMContentLoaded\",()=>{gform.domLoaded=!0,gform.callIfLoaded(o)}))},hooks:{action:{},filter:{}},addAction:function(o,r,e,t){gform.addHook(\"action\",o,r,e,t)},addFilter:function(o,r,e,t){gform.addHook(\"filter\",o,r,e,t)},doAction:function(o){gform.doHook(\"action\",o,arguments)},applyFilters:function(o){return gform.doHook(\"filter\",o,arguments)},removeAction:function(o,r){gform.removeHook(\"action\",o,r)},removeFilter:function(o,r,e){gform.removeHook(\"filter\",o,r,e)},addHook:function(o,r,e,t,n){null==gform.hooks[o][r]&&(gform.hooks[o][r]=[]);var d=gform.hooks[o][r];null==n&&(n=r+\"_\"+d.length),gform.hooks[o][r].push({tag:n,callable:e,priority:t=null==t?10:t})},doHook:function(r,o,e){var t;if(e=Array.prototype.slice.call(e,1),null!=gform.hooks[r][o]&&((o=gform.hooks[r][o]).sort(function(o,r){return o.priority-r.priority}),o.forEach(function(o){\"function\"!=typeof(t=o.callable)&&(t=window[t]),\"action\"==r?t.apply(null,e):e[0]=t.apply(null,e)})),\"filter\"==r)return e[0]},removeHook:function(o,r,t,n){var e;null!=gform.hooks[o][r]&&(e=(e=gform.hooks[o][r]).filter(function(o,r,e){return!!(null!=n&&n!=o.tag||null!=t&&t!=o.priority)}),gform.hooks[o][r]=e)}});\n\/* ]]> *\/\n<\/script>\n\n                <div class='gf_browser_gecko gform_wrapper gravity-theme gform-theme--no-framework' data-form-theme='gravity-theme' data-form-index='0' id='gform_wrapper_218' ><div id='gf_218' class='gform_anchor' tabindex='-1'><\/div>\n                        <div class='gform_heading'>\n\t\t\t\t\t\t\t<p class='gform_required_legend'><\/p>\n                        <\/div><form method='post' enctype='multipart\/form-data' target='gform_ajax_frame_218' id='gform_218'  action='\/fr-be\/wp-json\/wp\/v2\/pages\/1035937#gf_218' data-formid='218' novalidate><div class='gf_invisible ginput_recaptchav3' data-sitekey='6LfHoIMmAAAAAPlA5HbrJtOFGsmtgicVQGLy92Mq' data-tabindex='12'><input id=\"input_62c132b97625a2dfcef525e375ba4b77\" class=\"gfield_recaptcha_response\" type=\"hidden\" name=\"input_62c132b97625a2dfcef525e375ba4b77\" value=\"\"\/><\/div>\n                        <div class='gform-body gform_body'><div id='gform_fields_218' class='gform_fields top_label form_sublabel_below description_below validation_below'><div id=\"field_218_11\" class=\"gfield gfield--type-honeypot gform_validation_container field_sublabel_below gfield--has-description field_description_below field_validation_below gfield_visibility_visible\"  ><label class='gfield_label gform-field-label' for='input_218_11'>Facebook<\/label><div class='ginput_container'><input name='input_11' id='input_218_11' type='text' value='' autocomplete='new-password'\/><\/div><div class='gfield_description' id='gfield_description_218_11'>This field is for validation purposes and should be left unchanged.<\/div><\/div><div id=\"field_218_10\" class=\"gfield gfield--type-html gfield--width-full gfield_html gfield_html_formatted gfield_no_follows_desc field_sublabel_below gfield--no-description field_description_below field_validation_below gfield_visibility_visible\"  ><p>Informations requises *<\/p>\n<\/div><div id=\"field_218_8\" class=\"gfield gfield--type-text gfield--width-half gfield_contains_required field_sublabel_below gfield--no-description field_description_below field_validation_below gfield_visibility_visible\"  ><label class='gfield_label gform-field-label' for='input_218_8'>Pr\u00e9nom<span class=\"gfield_required\"><span class=\"gfield_required gfield_required_asterisk\">*<\/span><\/span><\/label><div class='ginput_container ginput_container_text'><input name='input_8' id='input_218_8' type='text' value='' class='large'   tabindex='13'  aria-required=\"true\" aria-invalid=\"false\"   \/><\/div><\/div><div id=\"field_218_9\" class=\"gfield gfield--type-text gfield--width-half gfield_contains_required field_sublabel_below gfield--no-description field_description_below field_validation_below gfield_visibility_visible\"  ><label class='gfield_label gform-field-label' for='input_218_9'>Nom de famille<span class=\"gfield_required\"><span class=\"gfield_required gfield_required_asterisk\">*<\/span><\/span><\/label><div class='ginput_container ginput_container_text'><input name='input_9' id='input_218_9' type='text' value='' class='large'   tabindex='14'  aria-required=\"true\" aria-invalid=\"false\"   \/><\/div><\/div><div id=\"field_218_5\" class=\"gfield gfield--type-text gfield--width-full gfield_contains_required field_sublabel_below gfield--no-description field_description_below field_validation_below gfield_visibility_visible\"  ><label class='gfield_label gform-field-label' for='input_218_5'>Nom de l&#039;entreprise<span class=\"gfield_required\"><span class=\"gfield_required gfield_required_asterisk\">*<\/span><\/span><\/label><div class='ginput_container ginput_container_text'><input name='input_5' id='input_218_5' type='text' value='' class='large'   tabindex='15'  aria-required=\"true\" aria-invalid=\"false\"   \/><\/div><\/div><div id=\"field_218_3\" class=\"gfield gfield--type-phone gfield_contains_required field_sublabel_below gfield--no-description field_description_below field_validation_below gfield_visibility_visible\"  ><label class='gfield_label gform-field-label' for='input_218_3'>Num\u00e9ro de t\u00e9l\u00e9phone<span class=\"gfield_required\"><span class=\"gfield_required gfield_required_asterisk\">*<\/span><\/span><\/label><div class='ginput_container ginput_container_phone'><input name='input_3' id='input_218_3' type='tel' value='' class='large' tabindex='16'  aria-required=\"true\" aria-invalid=\"false\"   \/><\/div><\/div><div id=\"field_218_4\" class=\"gfield gfield--type-email gfield_contains_required field_sublabel_below gfield--no-description field_description_below field_validation_below gfield_visibility_visible\"  ><label class='gfield_label gform-field-label' for='input_218_4'>Adresse e-mail<span class=\"gfield_required\"><span class=\"gfield_required gfield_required_asterisk\">*<\/span><\/span><\/label><div class='ginput_container ginput_container_email'>\n                            <input name='input_4' id='input_218_4' type='email' value='' class='large' tabindex='17'   aria-required=\"true\" aria-invalid=\"false\"  \/>\n                        <\/div><\/div><div id=\"field_218_6\" class=\"gfield gfield--type-number gfield--width-full gfield_contains_required field_sublabel_below gfield--no-description field_description_below field_validation_below gfield_visibility_visible\"  ><label class='gfield_label gform-field-label' for='input_218_6'>Combien de carte(s) SIM avez-vous besoin ?<span class=\"gfield_required\"><span class=\"gfield_required gfield_required_asterisk\">*<\/span><\/span><\/label><div class='ginput_container ginput_container_number'><input name='input_6' id='input_218_6' type='number' step='any'   value='1' class='large' tabindex='18'    aria-required=\"true\" aria-invalid=\"false\"  \/><\/div><\/div><div id=\"field_218_7\" class=\"gfield gfield--type-select gfield--width-full gfield_contains_required field_sublabel_below gfield--no-description field_description_below field_validation_below gfield_visibility_visible\"  ><label class='gfield_label gform-field-label' for='input_218_7'>Quel abonnement vous int\u00e9resse ?<span class=\"gfield_required\"><span class=\"gfield_required gfield_required_asterisk\">*<\/span><\/span><\/label><div class='ginput_container ginput_container_select'><select name='input_7' id='input_218_7' class='large gfield_select' tabindex='19'   aria-required=\"true\" aria-invalid=\"false\" ><option value='Light' >Light<\/option><option value='Mid' >Mid<\/option><option value='High' >High<\/option><option value='Xtreme' >Xtreme<\/option><option value='Xtreme World' >Xtreme World<\/option><\/select><\/div><\/div><\/div><\/div>\n        <div class='gform-footer gform_footer top_label'> <input type='submit' id='gform_submit_button_218' class='gform_button button' onclick='gform.submission.handleButtonClick(this);' data-submission-type='submit' value='Envoyer' tabindex='20' \/> <input type='hidden' name='gform_ajax' value='form_id=218&amp;title=&amp;description=&amp;tabindex=12&amp;theme=gravity-theme&amp;hash=25760b89f7f727f2d89a41eb9f46e189' \/>\n            <input type='hidden' class='gform_hidden' name='gform_submission_method' data-js='gform_submission_method_218' value='iframe' \/>\n            <input type='hidden' class='gform_hidden' name='gform_theme' data-js='gform_theme_218' id='gform_theme_218' value='gravity-theme' \/>\n            <input type='hidden' class='gform_hidden' name='gform_style_settings' data-js='gform_style_settings_218' id='gform_style_settings_218' value='' \/>\n            <input type='hidden' class='gform_hidden' name='is_submit_218' value='1' \/>\n            <input type='hidden' class='gform_hidden' name='gform_submit' value='218' \/>\n            \n            <input type='hidden' class='gform_hidden' name='gform_unique_id' value='' \/>\n            <input type='hidden' class='gform_hidden' name='state_218' value='WyJbXSIsIjEyMGU3YTRhMDEzZTgxN2ZjYWI4YTU4YjM0YzI1ZTZmIl0=' \/>\n            <input type='hidden' autocomplete='off' class='gform_hidden' name='gform_target_page_number_218' id='gform_target_page_number_218' value='0' \/>\n            <input type='hidden' autocomplete='off' class='gform_hidden' name='gform_source_page_number_218' id='gform_source_page_number_218' value='1' \/>\n            <input type='hidden' name='gform_field_values' value='' \/>\n            \n        <\/div>\n                        <\/form>\n                        <\/div>\n\t\t                <iframe style='display:none;width:0px;height:0px;' src='about:blank' name='gform_ajax_frame_218' id='gform_ajax_frame_218' title='This iframe contains the logic required to handle Ajax powered Gravity Forms.'><\/iframe>\n\t\t                <script type=\"text\/javascript\">\n\/* <![CDATA[ *\/\n gform.initializeOnLoaded( function() {gformInitSpinner( 218, 'https:\/\/www.radiusconnectsolutions.com\/app\/plugins\/gravityforms\/images\/spinner.svg', true );jQuery('#gform_ajax_frame_218').on('load',function(){var contents = jQuery(this).contents().find('*').html();var is_postback = contents.indexOf('GF_AJAX_POSTBACK') >= 0;if(!is_postback){return;}var form_content = jQuery(this).contents().find('#gform_wrapper_218');var is_confirmation = jQuery(this).contents().find('#gform_confirmation_wrapper_218').length > 0;var is_redirect = contents.indexOf('gformRedirect(){') >= 0;var is_form = form_content.length > 0 && ! is_redirect && ! is_confirmation;var mt = parseInt(jQuery('html').css('margin-top'), 10) + parseInt(jQuery('body').css('margin-top'), 10) + 100;if(is_form){jQuery('#gform_wrapper_218').html(form_content.html());if(form_content.hasClass('gform_validation_error')){jQuery('#gform_wrapper_218').addClass('gform_validation_error');} else {jQuery('#gform_wrapper_218').removeClass('gform_validation_error');}setTimeout( function() { \/* delay the scroll by 50 milliseconds to fix a bug in chrome *\/ jQuery(document).scrollTop(jQuery('#gform_wrapper_218').offset().top - mt); }, 50 );if(window['gformInitDatepicker']) {gformInitDatepicker();}if(window['gformInitPriceFields']) {gformInitPriceFields();}var current_page = jQuery('#gform_source_page_number_218').val();gformInitSpinner( 218, 'https:\/\/www.radiusconnectsolutions.com\/app\/plugins\/gravityforms\/images\/spinner.svg', true );jQuery(document).trigger('gform_page_loaded', [218, current_page]);window['gf_submitting_218'] = false;}else if(!is_redirect){var confirmation_content = jQuery(this).contents().find('.GF_AJAX_POSTBACK').html();if(!confirmation_content){confirmation_content = contents;}jQuery('#gform_wrapper_218').replaceWith(confirmation_content);jQuery(document).scrollTop(jQuery('#gf_218').offset().top - mt);jQuery(document).trigger('gform_confirmation_loaded', [218]);window['gf_submitting_218'] = false;wp.a11y.speak(jQuery('#gform_confirmation_message_218').text());}else{jQuery('#gform_218').append(contents);if(window['gformRedirect']) {gformRedirect();}}jQuery(document).trigger(\"gform_pre_post_render\", [{ formId: \"218\", currentPage: \"current_page\", abort: function() { this.preventDefault(); } }]);        if (event && event.defaultPrevented) {                return;        }        const gformWrapperDiv = document.getElementById( \"gform_wrapper_218\" );        if ( gformWrapperDiv ) {            const visibilitySpan = document.createElement( \"span\" );            visibilitySpan.id = \"gform_visibility_test_218\";            gformWrapperDiv.insertAdjacentElement( \"afterend\", visibilitySpan );        }        const visibilityTestDiv = document.getElementById( \"gform_visibility_test_218\" );        let postRenderFired = false;        function triggerPostRender() {            if ( postRenderFired ) {                return;            }            postRenderFired = true;            gform.core.triggerPostRenderEvents( 218, current_page );            if ( visibilityTestDiv ) {                visibilityTestDiv.parentNode.removeChild( visibilityTestDiv );            }        }        function debounce( func, wait, immediate ) {            var timeout;            return function() {                var context = this, args = arguments;                var later = function() {                    timeout = null;                    if ( !immediate ) func.apply( context, args );                };                var callNow = immediate && !timeout;                clearTimeout( timeout );                timeout = setTimeout( later, wait );                if ( callNow ) func.apply( context, args );            };        }        const debouncedTriggerPostRender = debounce( function() {            triggerPostRender();        }, 200 );        if ( visibilityTestDiv && visibilityTestDiv.offsetParent === null ) {            const observer = new MutationObserver( ( mutations ) => {                mutations.forEach( ( mutation ) => {                    if ( mutation.type === 'attributes' && visibilityTestDiv.offsetParent !== null ) {                        debouncedTriggerPostRender();                        observer.disconnect();                    }                });            });            observer.observe( document.body, {                attributes: true,                childList: false,                subtree: true,                attributeFilter: [ 'style', 'class' ],            });        } else {            triggerPostRender();        }    } );} ); \n\/* ]]> *\/\n<\/script>\n\n                                    \n                <div as=\"text-xs\" class=\"form-terms mt-8 text-center text-grey-dark\">\n                    \n                <\/div>\n            <\/div>\n\n        <\/div>\n\n    <\/div>\n\n<\/div><\/section>","protected":false},"excerpt":{"rendered":"","protected":false},"author":18,"featured_media":0,"parent":1034512,"menu_order":0,"comment_status":"closed","ping_status":"closed","template":"","meta":{"_acf_changed":false,"_cloudinary_featured_overwrite":false,"footnotes":""},"class_list":["post-1035937","page","type-page","status-publish","hentry"],"acf":[],"_links":{"self":[{"href":"https:\/\/www.radiusconnectsolutions.com\/fr-be\/wp-json\/wp\/v2\/pages\/1035937","targetHints":{"allow":["GET"]}}],"collection":[{"href":"https:\/\/www.radiusconnectsolutions.com\/fr-be\/wp-json\/wp\/v2\/pages"}],"about":[{"href":"https:\/\/www.radiusconnectsolutions.com\/fr-be\/wp-json\/wp\/v2\/types\/page"}],"author":[{"embeddable":true,"href":"https:\/\/www.radiusconnectsolutions.com\/fr-be\/wp-json\/wp\/v2\/users\/18"}],"replies":[{"embeddable":true,"href":"https:\/\/www.radiusconnectsolutions.com\/fr-be\/wp-json\/wp\/v2\/comments?post=1035937"}],"version-history":[{"count":1,"href":"https:\/\/www.radiusconnectsolutions.com\/fr-be\/wp-json\/wp\/v2\/pages\/1035937\/revisions"}],"predecessor-version":[{"id":1036068,"href":"https:\/\/www.radiusconnectsolutions.com\/fr-be\/wp-json\/wp\/v2\/pages\/1035937\/revisions\/1036068"}],"up":[{"embeddable":true,"href":"https:\/\/www.radiusconnectsolutions.com\/fr-be\/wp-json\/wp\/v2\/pages\/1034512"}],"wp:attachment":[{"href":"https:\/\/www.radiusconnectsolutions.com\/fr-be\/wp-json\/wp\/v2\/media?parent=1035937"}],"curies":[{"name":"wp","href":"https:\/\/api.w.org\/{rel}","templated":true}]}}